{"id":69,"date":"2019-08-30T19:26:38","date_gmt":"2019-08-30T22:26:38","guid":{"rendered":"https:\/\/www.forcom.org.br\/?page_id=69"},"modified":"2019-08-30T19:26:38","modified_gmt":"2019-08-30T22:26:38","slug":"historia","status":"publish","type":"page","link":"https:\/\/www.forcom.org.br\/index.php\/historia\/","title":{"rendered":"Hist\u00f3ria"},"content":{"rendered":"\n<p><\/p>\n\n\n\n<p>CRIADO O F\u00d3RUM DAS FACULDADES COMUNIT\u00c1RIAS \u2013 FORCOM<\/p>\n\n\n\n<p>No dia 18 de mar\u00e7o \u00faltimo realizou-se a Assembleia Geral de constitui\u00e7\u00e3o do F\u00f3rum das Faculdades Comunit\u00e1rias \u2013 FORCOM, que se entende co-mo um espa\u00e7o que expressa o desejo de atua\u00e7\u00e3o conjunta das institui\u00e7\u00f5es p\u00fablicas n\u00e3o estatais de ensino superior \u2013 IES de car\u00e1ter comunit\u00e1rio que n\u00e3o ostentam o status de centro universit\u00e1rio ou de universidade, dispostas a se congregar em torno de causas comuns em todas as \u00e1reas e n\u00edveis de atua\u00e7\u00e3o.<br>O FORCOM se caracteriza como um movimento de institui\u00e7\u00f5es, de livre ades\u00e3o, com vistas \u00e0 integra\u00e7\u00e3o e ao congra\u00e7amento.<\/p>\n\n\n\n<div class=\"wp-block-image\"><figure class=\"aligncenter\"><img loading=\"lazy\" decoding=\"async\" width=\"640\" height=\"480\" src=\"https:\/\/www.forcom.org.br\/wp-content\/uploads\/2019\/08\/historia_forcom.jpg\" alt=\"\" class=\"wp-image-70\" srcset=\"https:\/\/www.forcom.org.br\/wp-content\/uploads\/2019\/08\/historia_forcom.jpg 640w, https:\/\/www.forcom.org.br\/wp-content\/uploads\/2019\/08\/historia_forcom-300x225.jpg 300w, https:\/\/www.forcom.org.br\/wp-content\/uploads\/2019\/08\/historia_forcom-230x173.jpg 230w, https:\/\/www.forcom.org.br\/wp-content\/uploads\/2019\/08\/historia_forcom-350x263.jpg 350w, https:\/\/www.forcom.org.br\/wp-content\/uploads\/2019\/08\/historia_forcom-480x360.jpg 480w\" sizes=\"auto, (max-width: 640px) 100vw, 640px\" \/><figcaption> Na foto, todos os representantes das faculdades que participaram da Assembleia Geral de constitui\u00e7\u00e3o da entidade. <\/figcaption><\/figure><\/div>\n\n\n\n<p>A assembleia de constitui\u00e7\u00e3o do movimento aconteceu na FAPA e contou com a participa\u00e7\u00e3o de representantes da Faculdade IENH, de Novo Hamburgo, da Faculdades Integradas Machado de Assis (FEMA), de Santa Rosa, do Instituto Superior de Educa\u00e7\u00e3o de Ivoti (ISEI), de Ivoti, da Faculdade Horizontina (FAHOR), de Horizontina, da Escola Superior de Teologia e Espiritualidade Franciscana (ESTEF), da Faculdade Dom Bosco, de Porto Alegre, da Faculdade Palotina (FAPAS), da FUNDASUL, de Camaqu\u00e3, da Sociedade Educacional Tr\u00eas de Maio (SETREM), de Tr\u00eas de Maio, da Faculdade Porto-Alegrense (FAPA), da Faculdades Integradas de Taquara (FACCAT), e da Faculdade de Tecnologia Pastor Dohms (TECNODOHMS), de Porto Alegre.<\/p>\n\n\n\n<div class=\"wp-block-image\"><figure class=\"aligncenter\"><img loading=\"lazy\" decoding=\"async\" width=\"640\" height=\"480\" src=\"https:\/\/www.forcom.org.br\/wp-content\/uploads\/2019\/08\/historia_forcom-1.jpg\" alt=\"\" class=\"wp-image-71\" srcset=\"https:\/\/www.forcom.org.br\/wp-content\/uploads\/2019\/08\/historia_forcom-1.jpg 640w, https:\/\/www.forcom.org.br\/wp-content\/uploads\/2019\/08\/historia_forcom-1-300x225.jpg 300w, https:\/\/www.forcom.org.br\/wp-content\/uploads\/2019\/08\/historia_forcom-1-230x173.jpg 230w, https:\/\/www.forcom.org.br\/wp-content\/uploads\/2019\/08\/historia_forcom-1-350x263.jpg 350w, https:\/\/www.forcom.org.br\/wp-content\/uploads\/2019\/08\/historia_forcom-1-480x360.jpg 480w\" sizes=\"auto, (max-width: 640px) 100vw, 640px\" \/><figcaption>Na foto, o grupo eleito para coordenar as atividades dos 2 primeiros anos do FORCOM: Belmi-ro Meine, Delmar H. Backes e Marcos Sandrini.<\/figcaption><\/figure><\/div>\n\n\n\n<p>Por ocasi\u00e3o da Assembleia Geral foi aprovado o Regulamento da entidade e eleita a sua coordena\u00e7\u00e3o para um per\u00edodo de dois anos, que ficou assim constitu\u00edda: Belmiro Meine (TECNODOHMS) \u2013 coordenador; Marcos Sandrini (Dom Bosco) \u2013 vice-coordenador; Delmar H. Backes (FACCAT) \u2013 vogal. <br> As principais finalidades do FORCOM foram assim definidas:<\/p>\n\n\n\n<ol class=\"wp-block-list\"><li>Articular e encaminhar as quest\u00f5es de interesse das congregadas;<\/li><li>Estimular o interc\u00e2mbio e o congra\u00e7amento entre as institui\u00e7\u00f5es;<\/li><li>Promover eventos de acordo com as necessidades e interesses das congregadas;<\/li><li>Representar as congregadas em demandas junto ao poder p\u00fablico, quando credenciada para tal;<\/li><li>Estimular entre as congregadas, individualmente ou de forma coletiva, a produ\u00e7\u00e3o de informa\u00e7\u00f5es e conhecimentos que permitam qualificar a a\u00e7\u00e3o conjunta e de interesse comum;<\/li><li>Constituir grupos de trabalho com vistas \u00e0 discuss\u00e3o de te-mas relevantes para a atua\u00e7\u00e3o das congregadas no contexto da educa\u00e7\u00e3o superior brasileira;<\/li><li>Editar, divulgar ou intermediar publica\u00e7\u00f5es que visem ao aprimoramento do trabalho das congregas e da educa\u00e7\u00e3o superior no pa\u00eds.<\/li><\/ol>\n\n\n\n<p>Conforme o regulamento, a sede \u00e9 itinerante, localizando-se sempre no endere\u00e7o da institui\u00e7\u00e3o em que atua o seu coordenador.<\/p>\n","protected":false},"excerpt":{"rendered":"<p>CRIADO O F\u00d3RUM DAS FACULDADES COMUNIT\u00c1RIAS \u2013 FORCOM No dia 18 de mar\u00e7o \u00faltimo realizou-se a Assembleia Geral de constitui\u00e7\u00e3o do F\u00f3rum [&hellip;]<\/p>\n","protected":false},"author":1,"featured_media":0,"parent":0,"menu_order":0,"comment_status":"closed","ping_status":"closed","template":"page-templates\/page_front-page.php","meta":{"footnotes":""},"class_list":["post-69","page","type-page","status-publish","hentry"],"_links":{"self":[{"href":"https:\/\/www.forcom.org.br\/index.php\/wp-json\/wp\/v2\/pages\/69","targetHints":{"allow":["GET"]}}],"collection":[{"href":"https:\/\/www.forcom.org.br\/index.php\/wp-json\/wp\/v2\/pages"}],"about":[{"href":"https:\/\/www.forcom.org.br\/index.php\/wp-json\/wp\/v2\/types\/page"}],"author":[{"embeddable":true,"href":"https:\/\/www.forcom.org.br\/index.php\/wp-json\/wp\/v2\/users\/1"}],"replies":[{"embeddable":true,"href":"https:\/\/www.forcom.org.br\/index.php\/wp-json\/wp\/v2\/comments?post=69"}],"version-history":[{"count":0,"href":"https:\/\/www.forcom.org.br\/index.php\/wp-json\/wp\/v2\/pages\/69\/revisions"}],"wp:attachment":[{"href":"https:\/\/www.forcom.org.br\/index.php\/wp-json\/wp\/v2\/media?parent=69"}],"curies":[{"name":"wp","href":"https:\/\/api.w.org\/{rel}","templated":true}]}}