{"id":43,"date":"2019-07-23T16:42:53","date_gmt":"2019-07-23T19:42:53","guid":{"rendered":"http:\/\/www.fema.com.br\/forcom\/?page_id=43"},"modified":"2019-07-23T16:42:53","modified_gmt":"2019-07-23T19:42:53","slug":"assembleia-geral-ordinaria-do-forum-das-faculdades-comunitarias-forcom","status":"publish","type":"page","link":"https:\/\/www.forcom.org.br\/index.php\/assembleia-geral-ordinaria-do-forum-das-faculdades-comunitarias-forcom\/","title":{"rendered":"Assembleia Geral Ordin\u00e1ria do F\u00f3rum das Faculdades Comunit\u00e1rias \u2013 FORCOM"},"content":{"rendered":"\n<p>A Assembleia Geral Ordin\u00e1ria do F\u00f3rum das Faculdades Comunit\u00e1rias \u2013 FORCOM \u2013 acontece nesta sexta-feira, dia 20 de julho, \u00e0s 17h, na Unidade III, da Funda\u00e7\u00e3o Educacional Machado de Assis (FEMA). Dentre os assuntos, est\u00e3o as Pol\u00edticas P\u00fablicas para o Ensino Superior no Brasil.<\/p>\n\n\n\n<p>Estar\u00e3o presentes na reuni\u00e3o a Senadora Ana Am\u00e9lia Lemos, dirigentes da Institui\u00e7\u00f5es de Ensino Superior locais, representantes do F\u00f3rum das Faculdades Comunit\u00e1rias \u2013 FORCOM, autoridades p\u00fablicas, imprensa e representantes de entidades de classe.<\/p>\n\n\n\n<p style=\"text-align:center\"><a href=\"http:\/\/www.fema.com.br\/forcom\/index.php\/noticias\/\">Voltar<\/a><\/p>\n","protected":false},"excerpt":{"rendered":"<p>A Assembleia Geral Ordin\u00e1ria do F\u00f3rum das Faculdades Comunit\u00e1rias \u2013 FORCOM \u2013 acontece nesta sexta-feira, dia 20 de julho, \u00e0s 17h, na [&hellip;]<\/p>\n","protected":false},"author":1,"featured_media":0,"parent":0,"menu_order":0,"comment_status":"closed","ping_status":"closed","template":"page-templates\/page_fullwidth.php","meta":{"footnotes":""},"class_list":["post-43","page","type-page","status-publish","hentry"],"_links":{"self":[{"href":"https:\/\/www.forcom.org.br\/index.php\/wp-json\/wp\/v2\/pages\/43","targetHints":{"allow":["GET"]}}],"collection":[{"href":"https:\/\/www.forcom.org.br\/index.php\/wp-json\/wp\/v2\/pages"}],"about":[{"href":"https:\/\/www.forcom.org.br\/index.php\/wp-json\/wp\/v2\/types\/page"}],"author":[{"embeddable":true,"href":"https:\/\/www.forcom.org.br\/index.php\/wp-json\/wp\/v2\/users\/1"}],"replies":[{"embeddable":true,"href":"https:\/\/www.forcom.org.br\/index.php\/wp-json\/wp\/v2\/comments?post=43"}],"version-history":[{"count":0,"href":"https:\/\/www.forcom.org.br\/index.php\/wp-json\/wp\/v2\/pages\/43\/revisions"}],"wp:attachment":[{"href":"https:\/\/www.forcom.org.br\/index.php\/wp-json\/wp\/v2\/media?parent=43"}],"curies":[{"name":"wp","href":"https:\/\/api.w.org\/{rel}","templated":true}]}}