{"id":335,"date":"2023-11-17T10:25:42","date_gmt":"2023-11-17T13:25:42","guid":{"rendered":"https:\/\/www.forcom.org.br\/?page_id=335"},"modified":"2023-11-17T10:25:42","modified_gmt":"2023-11-17T13:25:42","slug":"forum-das-faculdades-comunitarias-forcom-elege-nova-diretoria-2","status":"publish","type":"page","link":"https:\/\/www.forcom.org.br\/index.php\/forum-das-faculdades-comunitarias-forcom-elege-nova-diretoria-2\/","title":{"rendered":"F\u00f3rum das Faculdades Comunit\u00e1rias \u2013 FORCOM elege nova Diretoria"},"content":{"rendered":"\n<p>No \u00faltimo dia 17 de novembro foi realizada elei\u00e7\u00e3o para nova diretoria do F\u00f3rum das Faculdades Comunit\u00e1rias\/FORCOM. A assembleia foi presidida por Mauro Alberto N\u00fcske, obedecendo o estatuto da entidade e o Edital FORCOM N\u00ba 01\/2023, de treze de outubro de 2023, que trata do processo de inscri\u00e7\u00e3o de chapas para composi\u00e7\u00e3o da diretoria 2024\/2025, do F\u00f3rum das Faculdades Comunit\u00e1rias\/FORCOM.<\/p>\n\n\n\n<p>A Chapa inscrita \u00e9 composta por: <br> Presidente \u2013 Antonio Roberto Lausmann Ternes <br> Vice-Presidente \u2013 Renata Am\u00e9lia Roos<br> Secret\u00e1rio \u2013 Mauro Alberto N\u00fcske<br> Tesoureiro \u2013 Edson Sidney de Avila Junior<br> Conselho Fiscal: Doris Helena Schaun Gerber, Delmar Henrique Backes e Manfredo Carlos Wachs. <\/p>\n\n\n\n<p>A diretoria e conselho fiscal do FORCOM foram eleitos por unanimidade. O novo presidente, Adm. Antonio Roberto Lausmann Ternes, \u00e9 Diretor das Faculdades Integradas Machado de Assis &#8211; FEMA. <\/p>\n\n\n\n<p>O mandato da nova diretoria e conselho fiscal \u00e9 de dois anos. A entidade mantem sua sede em Porto Alegre, junto a Faculdade Dom Bosco.<\/p>\n\n\n\n<figure class=\"wp-block-image is-resized\"><img loading=\"lazy\" decoding=\"async\" src=\"https:\/\/www.forcom.org.br\/wp-content\/uploads\/2023\/11\/16e03e18-65e1-4711-9309-ca3f3010a1e6.jpg\" alt=\"\" class=\"wp-image-336\" width=\"490\" height=\"486\" srcset=\"https:\/\/www.forcom.org.br\/wp-content\/uploads\/2023\/11\/16e03e18-65e1-4711-9309-ca3f3010a1e6.jpg 671w, https:\/\/www.forcom.org.br\/wp-content\/uploads\/2023\/11\/16e03e18-65e1-4711-9309-ca3f3010a1e6-300x297.jpg 300w, https:\/\/www.forcom.org.br\/wp-content\/uploads\/2023\/11\/16e03e18-65e1-4711-9309-ca3f3010a1e6-150x150.jpg 150w, https:\/\/www.forcom.org.br\/wp-content\/uploads\/2023\/11\/16e03e18-65e1-4711-9309-ca3f3010a1e6-230x228.jpg 230w, https:\/\/www.forcom.org.br\/wp-content\/uploads\/2023\/11\/16e03e18-65e1-4711-9309-ca3f3010a1e6-350x347.jpg 350w, https:\/\/www.forcom.org.br\/wp-content\/uploads\/2023\/11\/16e03e18-65e1-4711-9309-ca3f3010a1e6-480x476.jpg 480w\" sizes=\"auto, (max-width: 490px) 100vw, 490px\" \/><\/figure>\n","protected":false},"excerpt":{"rendered":"<p>No \u00faltimo dia 17 de novembro foi realizada elei\u00e7\u00e3o para nova diretoria do F\u00f3rum das Faculdades Comunit\u00e1rias\/FORCOM. A assembleia foi presidida por [&hellip;]<\/p>\n","protected":false},"author":1,"featured_media":0,"parent":0,"menu_order":0,"comment_status":"closed","ping_status":"closed","template":"","meta":{"footnotes":""},"class_list":["post-335","page","type-page","status-publish","hentry"],"_links":{"self":[{"href":"https:\/\/www.forcom.org.br\/index.php\/wp-json\/wp\/v2\/pages\/335","targetHints":{"allow":["GET"]}}],"collection":[{"href":"https:\/\/www.forcom.org.br\/index.php\/wp-json\/wp\/v2\/pages"}],"about":[{"href":"https:\/\/www.forcom.org.br\/index.php\/wp-json\/wp\/v2\/types\/page"}],"author":[{"embeddable":true,"href":"https:\/\/www.forcom.org.br\/index.php\/wp-json\/wp\/v2\/users\/1"}],"replies":[{"embeddable":true,"href":"https:\/\/www.forcom.org.br\/index.php\/wp-json\/wp\/v2\/comments?post=335"}],"version-history":[{"count":0,"href":"https:\/\/www.forcom.org.br\/index.php\/wp-json\/wp\/v2\/pages\/335\/revisions"}],"wp:attachment":[{"href":"https:\/\/www.forcom.org.br\/index.php\/wp-json\/wp\/v2\/media?parent=335"}],"curies":[{"name":"wp","href":"https:\/\/api.w.org\/{rel}","templated":true}]}}