{"id":292,"date":"2021-06-16T19:48:22","date_gmt":"2021-06-16T22:48:22","guid":{"rendered":"https:\/\/www.forcom.org.br\/?page_id=292"},"modified":"2021-06-16T19:48:22","modified_gmt":"2021-06-16T22:48:22","slug":"forcom-lanca-portal-de-periodicos","status":"publish","type":"page","link":"https:\/\/www.forcom.org.br\/index.php\/forcom-lanca-portal-de-periodicos\/","title":{"rendered":"FORCOM lan\u00e7a portal de peri\u00f3dicos"},"content":{"rendered":"\n<p>Na \u00faltima ter\u00e7a-feira, 15, foi realizada uma live de lan\u00e7amento do Portal de Peri\u00f3dicos, transmitida pelo Youtube, destinada a alunos e professores de todas as institui\u00e7\u00f5es que comp\u00f5e o FORCOM.<br><br>Participaram do lan\u00e7amento a dire\u00e7\u00e3o do FORCOM formada pelo presidente Antonio Roberto Lausmann Ternes, o Vice-Presidente, Marcelo Blume, a  Secret\u00e1ria, Renata Am\u00e9lia Roos, o Tesoureiro, Edson Sidney de Avila Junior. Participaram tamb\u00e9m Neila Fabiane Daronco como cerim\u00f4nialista, Lilian Deuner Schulz, bibliotec\u00e1ria da Fahor, e Paulo Marcelo Bechaire, t\u00e9cnico respons\u00e1vel pelo desenvolvimento da plataforma.<br><br> O presidente, Antonio R. L. Ternes apresentou o FORCOM e na sequencia foi realizada a demonstra\u00e7\u00e3o de acesso aos peri\u00f3dicos. O espa\u00e7o re\u00fane peri\u00f3dicos de todas as \u00e1reas do conhecimento e pode ser acessado por meio de um menu no site de cada uma das institui\u00e7\u00f5es participantes ou diretamente no site https:\/\/www.forcom.org.br\/.<br><br> O F\u00f3rum das Faculdades Comunit\u00e1rias \u2013 FORCOM se constitui em espa\u00e7o que expressa o desejo de atua\u00e7\u00e3o conjunta das institui\u00e7\u00f5es p\u00fablicas n\u00e3o estatais de ensino superior \u2013 IES de car\u00e1ter comunit\u00e1rio, que n\u00e3o ostentam o status de centro universit\u00e1rio ou de universidade, dispostas a se congregar em torno de causas comuns em todas as \u00e1reas e n\u00edveis de atua\u00e7\u00e3o. Atualmente, o FORCOM \u00e9 composto por 12 institui\u00e7\u00f5es espalhadas pelo Estado do Rio Grande do Sul.<br><br> A live pode ser visualizada no link https:\/\/www.youtube.com\/watch?v=qJqmKs61xlM<\/p>\n\n\n\n<figure class=\"wp-block-image\"><img loading=\"lazy\" decoding=\"async\" width=\"1024\" height=\"461\" src=\"https:\/\/www.forcom.org.br\/wp-content\/uploads\/2021\/06\/FORCOM-1-1024x461.png\" alt=\"\" class=\"wp-image-293\" srcset=\"https:\/\/www.forcom.org.br\/wp-content\/uploads\/2021\/06\/FORCOM-1-1024x461.png 1024w, https:\/\/www.forcom.org.br\/wp-content\/uploads\/2021\/06\/FORCOM-1-300x135.png 300w, https:\/\/www.forcom.org.br\/wp-content\/uploads\/2021\/06\/FORCOM-1-768x346.png 768w, https:\/\/www.forcom.org.br\/wp-content\/uploads\/2021\/06\/FORCOM-1-1000x451.png 1000w, https:\/\/www.forcom.org.br\/wp-content\/uploads\/2021\/06\/FORCOM-1-230x104.png 230w, https:\/\/www.forcom.org.br\/wp-content\/uploads\/2021\/06\/FORCOM-1-350x158.png 350w, https:\/\/www.forcom.org.br\/wp-content\/uploads\/2021\/06\/FORCOM-1-480x216.png 480w, https:\/\/www.forcom.org.br\/wp-content\/uploads\/2021\/06\/FORCOM-1.png 1485w\" sizes=\"auto, (max-width: 1024px) 100vw, 1024px\" \/><\/figure>\n\n\n\n<figure class=\"wp-block-image\"><img loading=\"lazy\" decoding=\"async\" width=\"1024\" height=\"471\" src=\"https:\/\/www.forcom.org.br\/wp-content\/uploads\/2021\/06\/FORCOM-2-1024x471.png\" alt=\"\" class=\"wp-image-294\" srcset=\"https:\/\/www.forcom.org.br\/wp-content\/uploads\/2021\/06\/FORCOM-2-1024x471.png 1024w, https:\/\/www.forcom.org.br\/wp-content\/uploads\/2021\/06\/FORCOM-2-300x138.png 300w, https:\/\/www.forcom.org.br\/wp-content\/uploads\/2021\/06\/FORCOM-2-768x353.png 768w, https:\/\/www.forcom.org.br\/wp-content\/uploads\/2021\/06\/FORCOM-2-1000x460.png 1000w, https:\/\/www.forcom.org.br\/wp-content\/uploads\/2021\/06\/FORCOM-2-230x106.png 230w, https:\/\/www.forcom.org.br\/wp-content\/uploads\/2021\/06\/FORCOM-2-350x161.png 350w, https:\/\/www.forcom.org.br\/wp-content\/uploads\/2021\/06\/FORCOM-2-480x221.png 480w, https:\/\/www.forcom.org.br\/wp-content\/uploads\/2021\/06\/FORCOM-2.png 1477w\" sizes=\"auto, (max-width: 1024px) 100vw, 1024px\" \/><\/figure>\n\n\n\n<figure class=\"wp-block-image\"><img loading=\"lazy\" decoding=\"async\" width=\"1024\" height=\"458\" src=\"https:\/\/www.forcom.org.br\/wp-content\/uploads\/2021\/06\/FORCOM-3-1024x458.png\" alt=\"\" class=\"wp-image-295\" srcset=\"https:\/\/www.forcom.org.br\/wp-content\/uploads\/2021\/06\/FORCOM-3-1024x458.png 1024w, https:\/\/www.forcom.org.br\/wp-content\/uploads\/2021\/06\/FORCOM-3-300x134.png 300w, https:\/\/www.forcom.org.br\/wp-content\/uploads\/2021\/06\/FORCOM-3-768x343.png 768w, https:\/\/www.forcom.org.br\/wp-content\/uploads\/2021\/06\/FORCOM-3-1000x447.png 1000w, https:\/\/www.forcom.org.br\/wp-content\/uploads\/2021\/06\/FORCOM-3-230x103.png 230w, https:\/\/www.forcom.org.br\/wp-content\/uploads\/2021\/06\/FORCOM-3-350x157.png 350w, https:\/\/www.forcom.org.br\/wp-content\/uploads\/2021\/06\/FORCOM-3-480x215.png 480w, https:\/\/www.forcom.org.br\/wp-content\/uploads\/2021\/06\/FORCOM-3.png 1505w\" sizes=\"auto, (max-width: 1024px) 100vw, 1024px\" \/><\/figure>\n","protected":false},"excerpt":{"rendered":"<p>Na \u00faltima ter\u00e7a-feira, 15, foi realizada uma live de lan\u00e7amento do Portal de Peri\u00f3dicos, transmitida pelo Youtube, destinada a alunos e professores [&hellip;]<\/p>\n","protected":false},"author":1,"featured_media":0,"parent":0,"menu_order":0,"comment_status":"closed","ping_status":"closed","template":"","meta":{"footnotes":""},"class_list":["post-292","page","type-page","status-publish","hentry"],"_links":{"self":[{"href":"https:\/\/www.forcom.org.br\/index.php\/wp-json\/wp\/v2\/pages\/292","targetHints":{"allow":["GET"]}}],"collection":[{"href":"https:\/\/www.forcom.org.br\/index.php\/wp-json\/wp\/v2\/pages"}],"about":[{"href":"https:\/\/www.forcom.org.br\/index.php\/wp-json\/wp\/v2\/types\/page"}],"author":[{"embeddable":true,"href":"https:\/\/www.forcom.org.br\/index.php\/wp-json\/wp\/v2\/users\/1"}],"replies":[{"embeddable":true,"href":"https:\/\/www.forcom.org.br\/index.php\/wp-json\/wp\/v2\/comments?post=292"}],"version-history":[{"count":0,"href":"https:\/\/www.forcom.org.br\/index.php\/wp-json\/wp\/v2\/pages\/292\/revisions"}],"wp:attachment":[{"href":"https:\/\/www.forcom.org.br\/index.php\/wp-json\/wp\/v2\/media?parent=292"}],"curies":[{"name":"wp","href":"https:\/\/api.w.org\/{rel}","templated":true}]}}