{"id":237,"date":"2020-12-09T10:17:08","date_gmt":"2020-12-09T12:17:08","guid":{"rendered":"https:\/\/www.forcom.org.br\/?page_id=237"},"modified":"2020-12-09T10:17:08","modified_gmt":"2020-12-09T12:17:08","slug":"presidente-do-forcom-participa-de-reuniao-com-o-vice-presidente-hamilton-mourao","status":"publish","type":"page","link":"https:\/\/www.forcom.org.br\/index.php\/presidente-do-forcom-participa-de-reuniao-com-o-vice-presidente-hamilton-mourao\/","title":{"rendered":"Presidente do FORCOM participa de reuni\u00e3o com o vice-presidente HAMILTON MOUR\u00c3O"},"content":{"rendered":"\n<p>O F\u00f3rum de Presidentes do Conselho de Reitores das Universidades Brasileiras realizou, na\u00a0manh\u00e3 de segunda-feira (30\/11), uma reuni\u00e3o virtual com o vice-presidente da Rep\u00fablica, Hamilton Mour\u00e3o. Na oportunidade, o administrador Antonio Roberto Lausmann Ternes, representou o FORCOM, do qual \u00e9 Presidente.<br>A abertura foi realizada pelo Reitor Waldemiro Gremski, Presidente do CRUB \u2013 Conselho de Reitores das Universidades Brasileiras. Em seguida o relator, Reitor Silvio Iung, Presidente da ABIEE \u2013 Associa\u00e7\u00e3o Brasileira das Institui\u00e7\u00f5es Educacionais Evang\u00e9licas\u00a0 apresentou a atual situa\u00e7\u00e3o das Institui\u00e7\u00f5es de Ensino Superior brasileiras, considerando a legisla\u00e7\u00e3o, o percentual de matriculas, caracter\u00edsticas dos estudantes, docentes em exerc\u00edcio, plano nacional de educa\u00e7\u00e3o, bolsas e financiamentos. Al\u00e9m disso, foram destacados pontos considerados graves como a pandemia, a evas\u00e3o, o fechamento de escolas e o agravamento financeiro dos estudantes e familiares. Por fim foram apresentadas propostas ao Vice-presidente Mour\u00e3o como o Programa de reestrutura\u00e7\u00e3o das IES e a troca tributos por bolsas, vinculadas \u00e0 renda.<br>Amilton Mour\u00e3o considerou as propostas exequ\u00edveis e manifestou interesse em articular junto aos setores competentes para que a\u00e7\u00f5es venha a ser executadas no sentido de amenizar os problemas enfrentados pelas Institui\u00e7\u00f5es de Ensino Superior.<br>Para o Presidente do FORCOM, Adm. Antonio Ternes, a reuni\u00e3o foi marcada pela aten\u00e7\u00e3o dispensada pelo Vice-presidente aos representantes das Institui\u00e7\u00f5es. \u201cCertamente a apresenta\u00e7\u00e3o da atual situa\u00e7\u00e3o e das propostas dar\u00e3o for\u00e7a para cria\u00e7\u00e3o e implementa\u00e7\u00e3o de pol\u00edticas favor\u00e1veis a educa\u00e7\u00e3o superior no Brasil\u201d, declarou.<br>Integram o F\u00f3rum, a Associa\u00e7\u00e3o Brasileira das Institui\u00e7\u00f5es Educacionais Evang\u00e9licas (ABIEE), a Associa\u00e7\u00e3o Brasileira das Institui\u00e7\u00f5es Comunit\u00e1rias de Educa\u00e7\u00e3o Superior (Abruc), a Associa\u00e7\u00e3o Brasileira dos Reitores das Universidades Estaduais e Municipais (Abruem), a Associa\u00e7\u00e3o Nacional dos Dirigentes das Institui\u00e7\u00f5es Federais de Ensino Superior (Andifes), a Associa\u00e7\u00e3o Catarinense das Funda\u00e7\u00f5es Educacionais (Acafe), a Associa\u00e7\u00e3o Nacional de Educa\u00e7\u00e3o Cat\u00f3lica do Brasil (Anec), a Associa\u00e7\u00e3o Nacional das Universidades Particulares (Anup), o Cons\u00f3rcio das Universidades Comunit\u00e1rias Ga\u00fachas (Comug), o Conselho de Reitores das Universidades Brasileiras (Crub) e o F\u00f3rum das Faculdades Comunit\u00e1rias (FORCOM).<\/p>\n\n\n\n<figure class=\"wp-block-image\"><img loading=\"lazy\" decoding=\"async\" width=\"768\" height=\"343\" src=\"https:\/\/www.forcom.org.br\/wp-content\/uploads\/2020\/12\/Reuniao-768x343-1.jpg\" alt=\"\" class=\"wp-image-238\" srcset=\"https:\/\/www.forcom.org.br\/wp-content\/uploads\/2020\/12\/Reuniao-768x343-1.jpg 768w, https:\/\/www.forcom.org.br\/wp-content\/uploads\/2020\/12\/Reuniao-768x343-1-300x134.jpg 300w, https:\/\/www.forcom.org.br\/wp-content\/uploads\/2020\/12\/Reuniao-768x343-1-230x103.jpg 230w, https:\/\/www.forcom.org.br\/wp-content\/uploads\/2020\/12\/Reuniao-768x343-1-350x156.jpg 350w, https:\/\/www.forcom.org.br\/wp-content\/uploads\/2020\/12\/Reuniao-768x343-1-480x214.jpg 480w\" sizes=\"auto, (max-width: 768px) 100vw, 768px\" \/><\/figure>\n","protected":false},"excerpt":{"rendered":"<p>O F\u00f3rum de Presidentes do Conselho de Reitores das Universidades Brasileiras realizou, na\u00a0manh\u00e3 de segunda-feira (30\/11), uma reuni\u00e3o virtual com o vice-presidente [&hellip;]<\/p>\n","protected":false},"author":1,"featured_media":0,"parent":0,"menu_order":0,"comment_status":"closed","ping_status":"closed","template":"","meta":{"footnotes":""},"class_list":["post-237","page","type-page","status-publish","hentry"],"_links":{"self":[{"href":"https:\/\/www.forcom.org.br\/index.php\/wp-json\/wp\/v2\/pages\/237","targetHints":{"allow":["GET"]}}],"collection":[{"href":"https:\/\/www.forcom.org.br\/index.php\/wp-json\/wp\/v2\/pages"}],"about":[{"href":"https:\/\/www.forcom.org.br\/index.php\/wp-json\/wp\/v2\/types\/page"}],"author":[{"embeddable":true,"href":"https:\/\/www.forcom.org.br\/index.php\/wp-json\/wp\/v2\/users\/1"}],"replies":[{"embeddable":true,"href":"https:\/\/www.forcom.org.br\/index.php\/wp-json\/wp\/v2\/comments?post=237"}],"version-history":[{"count":0,"href":"https:\/\/www.forcom.org.br\/index.php\/wp-json\/wp\/v2\/pages\/237\/revisions"}],"wp:attachment":[{"href":"https:\/\/www.forcom.org.br\/index.php\/wp-json\/wp\/v2\/media?parent=237"}],"curies":[{"name":"wp","href":"https:\/\/api.w.org\/{rel}","templated":true}]}}