{"id":158,"date":"2019-10-21T16:21:33","date_gmt":"2019-10-21T19:21:33","guid":{"rendered":"https:\/\/www.forcom.org.br\/?page_id=158"},"modified":"2019-10-21T16:21:33","modified_gmt":"2019-10-21T19:21:33","slug":"governo-federal-e-contra-a-retirada-da-filantropia-das-universidades-comunitarias","status":"publish","type":"page","link":"https:\/\/www.forcom.org.br\/index.php\/governo-federal-e-contra-a-retirada-da-filantropia-das-universidades-comunitarias\/","title":{"rendered":"Governo Federal \u00e9 Contra a Retirada da Filantropia das Universidades Comunit\u00e1rias"},"content":{"rendered":"\n<figure class=\"wp-block-image\"><img decoding=\"async\" src=\"https:\/\/www.forcom.org.br\/wp-content\/uploads\/2019\/10\/IMG-20191021-WA0027-Not%C3%ADcia-2-1024x683.jpg\" alt=\"\" class=\"wp-image-159\"\/><\/figure>\n\n\n\n<p>No dia 16 de outubro de 2019, as 9 horas e 30 minutos, o Coordenador do FORCOM, Adm. Antonio Roberto Lausmann Ternes, participou de audi\u00eancia com o Ministro Chefe da Casa Civil, Sr. Onyx Lorenzoni. A audi\u00eancia foi marcada pelo Dep. Estadual Gabriel Souza. A audi\u00eancia visou tratar da situa\u00e7\u00e3o das universidades p\u00fablicas, privadas e comunit\u00e1rias especialmente no que tange a filantropia e ao PROIES.<\/p>\n\n\n\n<p>O ministro-chefe da Casa Civil, Onyx Lorenzoni, confirmou a posi\u00e7\u00e3o do governo Federal contra a retirada da filantropia das universidades e faculdades comunit\u00e1rias da PEC Paralela ao projeto de Reforma da Previd\u00eancia. A reuni\u00e3o, organizada pelo deputado Gabriel Souza (MDB), contou com a participa\u00e7\u00e3o de lideran\u00e7as e representantes de institui\u00e7\u00f5es comunit\u00e1rias do Rio Grande do Sul, Santa Catarina e Paran\u00e1.<\/p>\n\n\n\n<p>Segundo o ministro, o governo n\u00e3o quer mexer na filantropia. \u201cA PEC Paralela tem graves problemas e a parte da filantropia \u00e9 uma delas. Assumimos esse compromisso e n\u00e3o vamos deixar ela passar\u201d, garantiu Onyx.<\/p>\n\n\n\n<p>O deputado Gabriel, que \u00e9 presidente da Frente Parlamentar em Defesa das Universidades P\u00fablicas, Privadas e Comunit\u00e1rias, reitera que a retirada da filantropia das universidades comunit\u00e1rias inviabilizaria muitas institui\u00e7\u00f5es. \u201cSeria uma perda para o pa\u00eds pois incorreria no fechamento de diversas institui\u00e7\u00f5es de ensino superior de extrema qualidade\u201d, justifica. <\/p>\n\n\n\n<p>Fonte: http:\/\/gabrielsouza.net\/governo-federal-e-contra-a-retirada-da-filantropia-das-universidades-comunitarias\/ <\/p>\n","protected":false},"excerpt":{"rendered":"<p>No dia 16 de outubro de 2019, as 9 horas e 30 minutos, o Coordenador do FORCOM, Adm. Antonio Roberto Lausmann Ternes, [&hellip;]<\/p>\n","protected":false},"author":1,"featured_media":0,"parent":0,"menu_order":0,"comment_status":"closed","ping_status":"closed","template":"page-templates\/page_fullwidth.php","meta":{"footnotes":""},"class_list":["post-158","page","type-page","status-publish","hentry"],"_links":{"self":[{"href":"https:\/\/www.forcom.org.br\/index.php\/wp-json\/wp\/v2\/pages\/158","targetHints":{"allow":["GET"]}}],"collection":[{"href":"https:\/\/www.forcom.org.br\/index.php\/wp-json\/wp\/v2\/pages"}],"about":[{"href":"https:\/\/www.forcom.org.br\/index.php\/wp-json\/wp\/v2\/types\/page"}],"author":[{"embeddable":true,"href":"https:\/\/www.forcom.org.br\/index.php\/wp-json\/wp\/v2\/users\/1"}],"replies":[{"embeddable":true,"href":"https:\/\/www.forcom.org.br\/index.php\/wp-json\/wp\/v2\/comments?post=158"}],"version-history":[{"count":0,"href":"https:\/\/www.forcom.org.br\/index.php\/wp-json\/wp\/v2\/pages\/158\/revisions"}],"wp:attachment":[{"href":"https:\/\/www.forcom.org.br\/index.php\/wp-json\/wp\/v2\/media?parent=158"}],"curies":[{"name":"wp","href":"https:\/\/api.w.org\/{rel}","templated":true}]}}